{"id":238,"date":"2026-04-05T10:21:21","date_gmt":"2026-04-05T08:21:21","guid":{"rendered":"https:\/\/unterwasserfotografie-os.de\/wordp\/?page_id=238"},"modified":"2026-04-08T15:53:49","modified_gmt":"2026-04-08T13:53:49","slug":"datenschutzerklaerung","status":"publish","type":"page","link":"https:\/\/unterwasserfotografie-os.de\/wordp\/?page_id=238","title":{"rendered":"Datenschutzerkl\u00e4rung"},"content":{"rendered":"\n<h5 class=\"wp-block-heading\"><strong>1. Allgemeine Hinweise<\/strong><br>Die folgenden Hinweise geben einen einfachen \u00dcberblick dar\u00fcber, was mit Ihren personenbezogenen Daten passiert, wenn Sie unsere Website besuchen. Personenbezogene Daten sind alle Daten, mit denen Sie pers\u00f6nlich identifiziert werden k\u00f6nnen. Ausf\u00fchrliche Informationen zum Thema Datenschutz entnehmen Sie unserer unter diesem Text aufgef\u00fchrten Datenschutzerkl\u00e4rung.<\/h5>\n\n\n\n<h5 class=\"wp-block-heading\"><strong>2. Verantwortlicher<\/strong><br>Christa Blattmann<br>Am Freibad 8<br>49080 Osnabr\u00fcck<br>Deutschland<br>E-Mail: <a href=\"mailto:info@musterseite.de\">christablattmann@gmx.ch<\/a><\/h5>\n\n\n\n<h5 class=\"wp-block-heading\"><strong>3. Hosting und Server-Logfiles<\/strong><br>Diese Website wird \u00fcber WordPress betrieben. Beim Aufruf der Website werden durch den Hosting-Anbieter automatisch Informationen erfasst und in sogenannten Server-Logfiles gespeichert. Dies sind:<\/h5>\n\n\n\n<ul class=\"wp-block-list\">\n<li>IP-Adresse des anfragenden Rechners<\/li>\n\n\n\n<li>Datum und Uhrzeit der Anfrage\/des Zugriffs<\/li>\n\n\n\n<li>Browsertyp und Browserversion<\/li>\n\n\n\n<li>verwendetes Betriebssystem<\/li>\n\n\n\n<li>Referrer URL<\/li>\n<\/ul>\n\n\n\n<h5 class=\"wp-block-heading\">Diese Daten dienen ausschlie\u00dflich der Sicherstellung eines st\u00f6rungsfreien Betriebs der Website sowie zur Verbesserung des Angebots. Diese Daten sind nicht bestimmten Personen zuordenbar und dienen der technischen \u00dcberwachung und Sicherheit der Website.<\/h5>\n\n\n\n<h5 class=\"wp-block-heading\"><strong>4. Content-Management-System (WordPress)<\/strong><br>Diese Website nutzt das Content-Management-System WordPress. WordPress kann technisch notwendige Cookies verwenden, um grundlegende Funktionen der Website bereitzustellen. Diese Cookies sind f\u00fcr den Betrieb der Website erforderlich und bed\u00fcrfen keiner gesonderten Einwilligung.<br><br><strong>5. Cookies<\/strong><br>Diese Website verwendet ausschlie\u00dflich technisch notwendige Cookies. Diese dienen dazu, die Funktionalit\u00e4t der Website sicherzustellen. Eine Zusammenf\u00fchrung dieser Daten mit anderen Datenquellen wird nicht vorgenommen.<br><br><br><br><br><strong>6. Verarbeitung von Kundendaten<\/strong><br>Wenn Sie mich per E-Mail kontaktieren, werden die von Ihnen \u00fcbermittelten personenbezogenen Daten (z. B. Name, E-Mail-Adresse, Inhalt der Anfrage) zum Zweck der Bearbeitung Ihrer Anfrage und f\u00fcr den Fall von Anschlussfragen bei mir gespeichert.<br><br>Diese Daten gebe ich nicht ohne Ihre Einwilligung weiter.<br><br>Die Verarbeitung der Daten erfolgt auf Grundlage von Art. 6 Abs. 1 lit. b DSGVO (Vertrag bzw. Vertragsanbahnung) sowie auf Grundlage meines berechtigten Interesses an der Bearbeitung der an mich gerichteten Anfragen. <br><br>Die Daten verbleiben bei mir, bis der Zweck f\u00fcr die Datenspeicherung entf\u00e4llt oder Sie mich zur L\u00f6schung auffordern, sofern keine gesetzlichen Aufbewahrungspflichten bestehen.<br><\/h5>\n\n\n\n<h5 class=\"wp-block-heading\"><strong>7. Verarbeitung von Fotografien<\/strong><br>Auf dieser Website werden Fotografien ver\u00f6ffentlicht, auf denen Personen erkennbar sein k\u00f6nnen.<\/h5>\n\n\n\n<h5 class=\"wp-block-heading\">Die Ver\u00f6ffentlichung erfolgt ausschlie\u00dflich auf Grundlage einer vorher erteilten Einwilligung der abgebildeten Personen gem\u00e4\u00df Art. 6 Abs. 1 lit. a DSGVO.<\/h5>\n\n\n\n<h5 class=\"wp-block-heading\">Die betroffenen Personen haben jederzeit das Recht, ihre Einwilligung mit Wirkung f\u00fcr die Zukunft zu widerrufen. In diesem Fall werden die entsprechenden Bilder unverz\u00fcglich entfernt, sofern keine gesetzlichen Aufbewahrungspflichten entgegenstehen.<br><br><strong>8. Umgang mit Bildmaterial<\/strong><br>Im Rahmen meiner T\u00e4tigkeit als Fotografin verarbeite ich Bildmaterial, auf dem Personen erkennbar sein k\u00f6nnen.<br>Die Ver\u00f6ffentlichung von Fotos (z. B. auf dieser Website oder in meinem Portfolio) erfolgt ausschlie\u00dflich mit Einwilligung der betroffenen Personen gem\u00e4\u00df Art. 6 Abs. 1 lit. a DSGVO.<br><br>Die Einwilligung kann jederzeit mit Wirkung f\u00fcr die Zukunft widerrufen werden.<br>Ich achte darauf, dass die berechtigten Interessen und Pers\u00f6nlichkeitsrechte der abgebildeten Personen jederzeit gewahrt bleiben.<br><\/h5>\n\n\n\n<h5 class=\"wp-block-heading\"><strong>9. Speicherdauer<\/strong><br>Personenbezogene Daten werden nur so lange gespeichert, wie dies f\u00fcr den jeweiligen Zweck erforderlich ist oder gesetzliche Aufbewahrungsfristen bestehen.<\/h5>\n\n\n\n<h5 class=\"wp-block-heading\"><strong>10. Rechte der betroffenen Personen<\/strong><br>Sie haben jederzeit das Recht auf:<\/h5>\n\n\n\n<ul class=\"wp-block-list\">\n<li>Auskunft \u00fcber Ihre gespeicherten Daten<\/li>\n\n\n\n<li>Berichtigung unrichtiger Daten<\/li>\n\n\n\n<li>L\u00f6schung Ihrer Daten<\/li>\n\n\n\n<li>Einschr\u00e4nkung der Verarbeitung<\/li>\n\n\n\n<li>Widerspruch gegen die Verarbeitung<\/li>\n\n\n\n<li>Daten\u00fcbertragbarkeit<\/li>\n<\/ul>\n\n\n\n<h5 class=\"wp-block-heading\">Zudem haben Sie das Recht, eine erteilte Einwilligung jederzeit zu widerrufen.<\/h5>\n\n\n\n<h5 class=\"wp-block-heading\"><strong>11. Hinweis zur Datenweitergabe<\/strong><br>Eine \u00dcbermittlung Ihrer pers\u00f6nlichen Daten an Dritte findet nicht statt, es sei denn, dies ist gesetzlich vorgeschrieben.<br><br><br><strong>12. Beschwerderecht bei der Aufsichtsbeh\u00f6rde<\/strong><br>Sie haben das Recht, sich bei einer Datenschutz-Aufsichtsbeh\u00f6rde \u00fcber die Verarbeitung Ihrer personenbezogenen Daten zu beschweren.<\/h5>\n\n\n\n<h5 class=\"wp-block-heading\"><strong>13. SSL- bzw. TLS-Verschl\u00fcsselung<\/strong><br>Diese Seite nutzt aus Sicherheitsgr\u00fcnden und zum Schutz der \u00dcbertragung vertraulicher Inhalte eine SSL- bzw. TLS-Verschl\u00fcsselung. Eine verschl\u00fcsselte Verbindung erkennen Sie daran, dass die Adresszeile des Browsers von \u201ehttp:\/\/\u201c auf \u201ehttps:\/\/\u201c wechselt.<br><br><strong>14. Anderungen dieser Datenschutzerkl\u00e4rung<\/strong><br>Ich behalte mir vor, diese Datenschutzerkl\u00e4rung anzupassen, damit sie stets den aktuellen rechtlichen Anforderungen entspricht.<br><br><br><br><\/h5>\n\n\n\n<p><\/p>\n","protected":false},"excerpt":{"rendered":"<p>1. Allgemeine HinweiseDie folgenden Hinweise geben einen einfachen \u00dcberblick dar\u00fcber, was mit Ihren personenbezogenen Daten passiert, wenn Sie unsere Website [&hellip;]<\/p>\n","protected":false},"author":1,"featured_media":0,"parent":0,"menu_order":0,"comment_status":"closed","ping_status":"closed","template":"","meta":{"site-sidebar-layout":"default","site-content-layout":"","ast-site-content-layout":"default","site-content-style":"default","site-sidebar-style":"default","ast-global-header-display":"","ast-banner-title-visibility":"","ast-main-header-display":"","ast-hfb-above-header-display":"","ast-hfb-below-header-display":"","ast-hfb-mobile-header-display":"","site-post-title":"","ast-breadcrumbs-content":"","ast-featured-img":"","footer-sml-layout":"","ast-disable-related-posts":"","theme-transparent-header-meta":"","adv-header-id-meta":"","stick-header-meta":"","header-above-stick-meta":"","header-main-stick-meta":"","header-below-stick-meta":"","astra-migrate-meta-layouts":"default","ast-page-background-enabled":"default","ast-page-background-meta":{"desktop":{"background-color":"var(--ast-global-color-5)","background-image":"","background-repeat":"repeat","background-position":"center center","background-size":"auto","background-attachment":"scroll","background-type":"","background-media":"","overlay-type":"","overlay-color":"","overlay-opacity":"","overlay-gradient":""},"tablet":{"background-color":"","background-image":"","background-repeat":"repeat","background-position":"center center","background-size":"auto","background-attachment":"scroll","background-type":"","background-media":"","overlay-type":"","overlay-color":"","overlay-opacity":"","overlay-gradient":""},"mobile":{"background-color":"","background-image":"","background-repeat":"repeat","background-position":"center center","background-size":"auto","background-attachment":"scroll","background-type":"","background-media":"","overlay-type":"","overlay-color":"","overlay-opacity":"","overlay-gradient":""}},"ast-content-background-meta":{"desktop":{"background-color":"var(--ast-global-color-4)","background-image":"","background-repeat":"repeat","background-position":"center center","background-size":"auto","background-attachment":"scroll","background-type":"","background-media":"","overlay-type":"","overlay-color":"","overlay-opacity":"","overlay-gradient":""},"tablet":{"background-color":"var(--ast-global-color-4)","background-image":"","background-repeat":"repeat","background-position":"center center","background-size":"auto","background-attachment":"scroll","background-type":"","background-media":"","overlay-type":"","overlay-color":"","overlay-opacity":"","overlay-gradient":""},"mobile":{"background-color":"var(--ast-global-color-4)","background-image":"","background-repeat":"repeat","background-position":"center center","background-size":"auto","background-attachment":"scroll","background-type":"","background-media":"","overlay-type":"","overlay-color":"","overlay-opacity":"","overlay-gradient":""}},"footnotes":""},"class_list":["post-238","page","type-page","status-publish","hentry"],"_links":{"self":[{"href":"https:\/\/unterwasserfotografie-os.de\/wordp\/index.php?rest_route=\/wp\/v2\/pages\/238","targetHints":{"allow":["GET"]}}],"collection":[{"href":"https:\/\/unterwasserfotografie-os.de\/wordp\/index.php?rest_route=\/wp\/v2\/pages"}],"about":[{"href":"https:\/\/unterwasserfotografie-os.de\/wordp\/index.php?rest_route=\/wp\/v2\/types\/page"}],"author":[{"embeddable":true,"href":"https:\/\/unterwasserfotografie-os.de\/wordp\/index.php?rest_route=\/wp\/v2\/users\/1"}],"replies":[{"embeddable":true,"href":"https:\/\/unterwasserfotografie-os.de\/wordp\/index.php?rest_route=%2Fwp%2Fv2%2Fcomments&post=238"}],"version-history":[{"count":3,"href":"https:\/\/unterwasserfotografie-os.de\/wordp\/index.php?rest_route=\/wp\/v2\/pages\/238\/revisions"}],"predecessor-version":[{"id":361,"href":"https:\/\/unterwasserfotografie-os.de\/wordp\/index.php?rest_route=\/wp\/v2\/pages\/238\/revisions\/361"}],"wp:attachment":[{"href":"https:\/\/unterwasserfotografie-os.de\/wordp\/index.php?rest_route=%2Fwp%2Fv2%2Fmedia&parent=238"}],"curies":[{"name":"wp","href":"https:\/\/api.w.org\/{rel}","templated":true}]}}