{"id":72,"date":"2025-08-22T20:42:12","date_gmt":"2025-08-22T18:42:12","guid":{"rendered":"http:\/\/unterwasserfotografie-os.de\/wordp\/?page_id=72"},"modified":"2026-04-08T15:16:22","modified_gmt":"2026-04-08T13:16:22","slug":"impressum","status":"publish","type":"page","link":"https:\/\/unterwasserfotografie-os.de\/wordp\/?page_id=72","title":{"rendered":"Impressum"},"content":{"rendered":"\n<p><\/p>\n\n\n\n<h5 class=\"wp-block-heading\">Angaben gem\u00e4\u00df \u00a7 5 TMG<\/h5>\n\n\n\n<h4 class=\"wp-block-heading\">UNTERWASSERFOTOGRAFIE Aylin &amp; Christa<\/h4>\n\n\n\n<h5 class=\"wp-block-heading\">Christa Blattmann<br>Am Freibad 8<br>49080 Osnabr\u00fcck<br>Deutschland<\/h5>\n\n\n\n<h5 class=\"wp-block-heading\">Kontakt:<br>Telefon: +49 157 51 66 77 62<br>E-Mail: <a href=\"mailto:info@musterseite.de\">christablattmann@gmx.ch<\/a><\/h5>\n\n\n\n<h5 class=\"wp-block-heading\">Umsatzsteuer-ID:<br>Gem\u00e4\u00df \u00a7 19 UStG wird keine Umsatzsteuer berechnet (Kleinunternehmerregelung)<\/h5>\n\n\n\n<h5 class=\"wp-block-heading\">Verantwortlich f\u00fcr den Inhalt nach \u00a7 18 Abs. 2 MStV:<br>Christa Blattmann<br>Am Freibad 8<br>49080 Osnabr\u00fcck<\/h5>\n\n\n\n<h4 class=\"wp-block-heading\"><strong>Hinweis zu den Bildern auf dieser Website<\/strong><\/h4>\n\n\n\n<h5 class=\"wp-block-heading\">Die auf dieser Website verwendeten Fotos wurden, sofern nicht anders angegeben, von Christa Blattmann selbst erstellt und unterliegen dem Urheberrecht.<br>Eine Verwendung, Vervielf\u00e4ltigung oder Weitergabe der Bilder ohne ausdr\u00fcckliche Genehmigung ist nicht gestattet.<\/h5>\n\n\n\n<h5 class=\"wp-block-heading\">Sollten auf dieser Website Bilder von Dritten verwendet werden, sind diese entsprechend gekennzeichnet und die Urheberrechte werden beachtet.<\/h5>\n\n\n\n<h4 class=\"wp-block-heading\"><strong>Haftung f\u00fcr Inhalte<\/strong><\/h4>\n\n\n\n<h5 class=\"wp-block-heading\">Als Diensteanbieter sind wir gem\u00e4\u00df \u00a7 7 Abs.1 TMG f\u00fcr eigene Inhalte auf diesen Seiten nach den allgemeinen Gesetzen verantwortlich. Nach \u00a7\u00a7 8 bis 10 TMG sind wir als Diensteanbieter jedoch nicht verpflichtet, \u00fcbermittelte oder gespeicherte fremde Informationen zu \u00fcberwachen oder nach Umst\u00e4nden zu forschen, die auf eine rechtswidrige T\u00e4tigkeit hinweisen. <br><br>Verpflichtungen zur Entfernung oder Sperrung der Nutzung von Informationen nach den allgemeinen Gesetzen bleiben hiervon unber\u00fchrt. Eine diesbez\u00fcgliche Haftung ist jedoch erst ab dem Zeitpunkt der Kenntnis einer konkreten Rechtsverletzung m\u00f6glich. Bei Bekanntwerden von entsprechenden Rechtsverletzungen werden wir diese Inhalte umgehend entfernen.<\/h5>\n\n\n\n<h4 class=\"wp-block-heading\"><strong>Haftung f\u00fcr Links<\/strong><\/h4>\n\n\n\n<h5 class=\"wp-block-heading\">Unsere Website enth\u00e4lt Links zu externen Websites Dritter, auf deren Inhalte wir keinen Einfluss haben.<br>Deshalb k\u00f6nnen wir f\u00fcr diese fremden Inhalte auch keine Gew\u00e4hr \u00fcbernehmen.<\/h5>\n\n\n\n<h4 class=\"wp-block-heading\"><strong>Urheberrecht<\/strong><\/h4>\n\n\n\n<h5 class=\"wp-block-heading\">Die durch die Seitenbetreiber erstellten Inhalte und Werke auf diesen Seiten unterliegen dem deutschen Urheberrecht. Die Vervielf\u00e4ltigung, Bearbeitung, Verbreitung und jede Art der Verwertung au\u00dferhalb der Grenzen des Urheberrechtes bed\u00fcrfen der schriftlichen Zustimmung des jeweiligen Autors bzw. Erstellers. Downloads und Kopien dieser Seite sind nur f\u00fcr den privaten, nicht kommerziellen Gebrauch gestattet. <br><br>Soweit die Inhalte auf dieser Seite nicht vom Betreiber erstellt wurden, werden die Urheberrechte Dritter beachtet. Insbesondere werden Inhalte Dritter als solche gekennzeichnet. Sollten Sie trotzdem auf eine Urheberrechtsverletzung aufmerksam werden, bitten wir um einen entsprechenden Hinweis. Bei Bekanntwerden von Rechtsverletzungen werden wir derartige Inhalte umgehend entfernen.<\/h5>\n\n\n\n<h5 class=\"wp-block-heading\"><strong>Streitschlichtung<\/strong><\/h5>\n\n\n\n<h5 class=\"wp-block-heading\">Die Europ\u00e4ische Kommission stellt eine Plattform zur Online-Streitbeilegung (OS) bereit: <a>https:\/\/ec.europa.eu\/consumers\/odr\/<\/a><br>Unsere E-Mail-Adresse finden Sie oben im Impressum.<\/h5>\n\n\n\n<h5 class=\"wp-block-heading\">Wir sind nicht bereit oder verpflichtet, an Streitbeilegungsverfahren vor einer Verbraucherschlichtungsstelle teilzunehmen.<\/h5>\n\n\n\n<p><\/p>\n","protected":false},"excerpt":{"rendered":"<p>Angaben gem\u00e4\u00df \u00a7 5 TMG UNTERWASSERFOTOGRAFIE Aylin &amp; Christa Christa BlattmannAm Freibad 849080 Osnabr\u00fcckDeutschland Kontakt:Telefon: +49 157 51 66 77 [&hellip;]<\/p>\n","protected":false},"author":1,"featured_media":0,"parent":0,"menu_order":0,"comment_status":"closed","ping_status":"closed","template":"","meta":{"site-sidebar-layout":"default","site-content-layout":"","ast-site-content-layout":"default","site-content-style":"default","site-sidebar-style":"default","ast-global-header-display":"","ast-banner-title-visibility":"","ast-main-header-display":"","ast-hfb-above-header-display":"","ast-hfb-below-header-display":"","ast-hfb-mobile-header-display":"","site-post-title":"","ast-breadcrumbs-content":"","ast-featured-img":"","footer-sml-layout":"","ast-disable-related-posts":"","theme-transparent-header-meta":"","adv-header-id-meta":"","stick-header-meta":"","header-above-stick-meta":"","header-main-stick-meta":"","header-below-stick-meta":"","astra-migrate-meta-layouts":"default","ast-page-background-enabled":"default","ast-page-background-meta":{"desktop":{"background-color":"var(--ast-global-color-5)","background-image":"","background-repeat":"repeat","background-position":"center center","background-size":"auto","background-attachment":"scroll","background-type":"","background-media":"","overlay-type":"","overlay-color":"","overlay-opacity":"","overlay-gradient":""},"tablet":{"background-color":"","background-image":"","background-repeat":"repeat","background-position":"center center","background-size":"auto","background-attachment":"scroll","background-type":"","background-media":"","overlay-type":"","overlay-color":"","overlay-opacity":"","overlay-gradient":""},"mobile":{"background-color":"","background-image":"","background-repeat":"repeat","background-position":"center center","background-size":"auto","background-attachment":"scroll","background-type":"","background-media":"","overlay-type":"","overlay-color":"","overlay-opacity":"","overlay-gradient":""}},"ast-content-background-meta":{"desktop":{"background-color":"var(--ast-global-color-4)","background-image":"","background-repeat":"repeat","background-position":"center center","background-size":"auto","background-attachment":"scroll","background-type":"","background-media":"","overlay-type":"","overlay-color":"","overlay-opacity":"","overlay-gradient":""},"tablet":{"background-color":"var(--ast-global-color-4)","background-image":"","background-repeat":"repeat","background-position":"center center","background-size":"auto","background-attachment":"scroll","background-type":"","background-media":"","overlay-type":"","overlay-color":"","overlay-opacity":"","overlay-gradient":""},"mobile":{"background-color":"var(--ast-global-color-4)","background-image":"","background-repeat":"repeat","background-position":"center center","background-size":"auto","background-attachment":"scroll","background-type":"","background-media":"","overlay-type":"","overlay-color":"","overlay-opacity":"","overlay-gradient":""}},"footnotes":""},"class_list":["post-72","page","type-page","status-publish","hentry"],"_links":{"self":[{"href":"https:\/\/unterwasserfotografie-os.de\/wordp\/index.php?rest_route=\/wp\/v2\/pages\/72","targetHints":{"allow":["GET"]}}],"collection":[{"href":"https:\/\/unterwasserfotografie-os.de\/wordp\/index.php?rest_route=\/wp\/v2\/pages"}],"about":[{"href":"https:\/\/unterwasserfotografie-os.de\/wordp\/index.php?rest_route=\/wp\/v2\/types\/page"}],"author":[{"embeddable":true,"href":"https:\/\/unterwasserfotografie-os.de\/wordp\/index.php?rest_route=\/wp\/v2\/users\/1"}],"replies":[{"embeddable":true,"href":"https:\/\/unterwasserfotografie-os.de\/wordp\/index.php?rest_route=%2Fwp%2Fv2%2Fcomments&post=72"}],"version-history":[{"count":5,"href":"https:\/\/unterwasserfotografie-os.de\/wordp\/index.php?rest_route=\/wp\/v2\/pages\/72\/revisions"}],"predecessor-version":[{"id":359,"href":"https:\/\/unterwasserfotografie-os.de\/wordp\/index.php?rest_route=\/wp\/v2\/pages\/72\/revisions\/359"}],"wp:attachment":[{"href":"https:\/\/unterwasserfotografie-os.de\/wordp\/index.php?rest_route=%2Fwp%2Fv2%2Fmedia&parent=72"}],"curies":[{"name":"wp","href":"https:\/\/api.w.org\/{rel}","templated":true}]}}